{"id":63,"date":"2022-07-26T05:54:18","date_gmt":"2022-07-26T05:54:18","guid":{"rendered":"https:\/\/weberei-schwaibold.de\/?page_id=63"},"modified":"2022-08-16T13:07:13","modified_gmt":"2022-08-16T13:07:13","slug":"produkte","status":"publish","type":"page","link":"https:\/\/weberei-schwaibold.de\/index.php\/produkte\/","title":{"rendered":"Produkte"},"content":{"rendered":"<p>[et_pb_section fb_built=&#8220;1&#8243; fullwidth=&#8220;on&#8220; admin_label=&#8220;Header Section&#8220; _builder_version=&#8220;4.16&#8243; _module_preset=&#8220;default&#8220; background_color=&#8220;#dadde2&#8243; global_colors_info=&#8220;{}&#8220;][et_pb_fullwidth_header title=&#8220;Vielseitige Gewebe&#8220; subhead=&#8220;Branchen\u00fcbergreifend und weltweit im Einsatz&#8220; text_orientation=&#8220;center&#8220; header_scroll_down=&#8220;on&#8220; background_overlay_color=&#8220;RGBA(255,255,255,0)&#8220; _builder_version=&#8220;4.17.6&#8243; _module_preset=&#8220;default&#8220; title_font=&#8220;Oswald|500||on|||||&#8220; title_text_color=&#8220;#FFFFFF&#8220; title_font_size=&#8220;6vw&#8220; title_letter_spacing=&#8220;5px&#8220; title_line_height=&#8220;1.4em&#8220; content_font=&#8220;||||||||&#8220; content_text_color=&#8220;#FFFFFF&#8220; subhead_font=&#8220;Oswald|||on|||||&#8220; subhead_text_color=&#8220;#FFFFFF&#8220; subhead_font_size=&#8220;24px&#8220; subhead_letter_spacing=&#8220;4px&#8220; subhead_line_height=&#8220;1.4em&#8220; background_color=&#8220;rgba(0,0,0,0.37)&#8220; background_image=&#8220;https:\/\/weberei-schwaibold.de\/wp-content\/uploads\/2022\/07\/fertigung.jpg&#8220; background_position=&#8220;bottom_center&#8220; background_blend=&#8220;overlay&#8220; custom_padding=&#8220;10%||30%|&#8220; animation_direction=&#8220;bottom&#8220; hover_enabled=&#8220;0&#8243; title_text_shadow_style=&#8220;preset1&#8243; title_text_shadow_blur_strength=&#8220;0.25em&#8220; title_text_shadow_color=&#8220;rgba(12,12,12,0.15)&#8220; global_colors_info=&#8220;{}&#8220; button_one_text_size__hover_enabled=&#8220;off&#8220; button_two_text_size__hover_enabled=&#8220;off&#8220; button_one_text_color__hover_enabled=&#8220;off&#8220; button_two_text_color__hover_enabled=&#8220;off&#8220; button_one_border_width__hover_enabled=&#8220;off&#8220; button_two_border_width__hover_enabled=&#8220;off&#8220; button_one_border_color__hover_enabled=&#8220;off&#8220; button_two_border_color__hover_enabled=&#8220;off&#8220; button_one_border_radius__hover_enabled=&#8220;off&#8220; button_two_border_radius__hover_enabled=&#8220;off&#8220; button_one_letter_spacing__hover_enabled=&#8220;off&#8220; button_two_letter_spacing__hover_enabled=&#8220;off&#8220; button_one_bg_color__hover_enabled=&#8220;off&#8220; button_two_bg_color__hover_enabled=&#8220;off&#8220; sticky_enabled=&#8220;0&#8243;][\/et_pb_fullwidth_header][\/et_pb_section][et_pb_section fb_built=&#8220;1&#8243; admin_label=&#8220;Intro Section&#8220; _builder_version=&#8220;4.16&#8243; _module_preset=&#8220;default&#8220; custom_padding=&#8220;60px|0px|60px|0px&#8220; global_colors_info=&#8220;{}&#8220;][et_pb_row column_structure=&#8220;1_2,1_2&#8243; admin_label=&#8220;Intro Row&#8220; _builder_version=&#8220;4.16&#8243; _module_preset=&#8220;default&#8220; global_colors_info=&#8220;{}&#8220;][et_pb_column type=&#8220;1_2&#8243; _builder_version=&#8220;4.16&#8243; _module_preset=&#8220;default&#8220; custom_padding=&#8220;|||&#8220; global_colors_info=&#8220;{}&#8220; custom_padding__hover=&#8220;|||&#8220;][et_pb_text admin_label=&#8220;Tittle &#038; Paragraph&#8220; _builder_version=&#8220;4.17.4&#8243; _module_preset=&#8220;default&#8220; text_font=&#8220;Open Sans|600|||||||&#8220; text_font_size=&#8220;16px&#8220; text_line_height=&#8220;1.8em&#8220; header_font=&#8220;||||||||&#8220; header_2_font=&#8220;Oswald|||on|||||&#8220; header_2_font_size=&#8220;45px&#8220; header_2_letter_spacing=&#8220;3px&#8220; header_2_line_height=&#8220;1.4em&#8220; module_alignment=&#8220;center&#8220; custom_margin=&#8220;40px|||&#8220; custom_margin_tablet=&#8220;0px|||&#8220; custom_margin_phone=&#8220;|||&#8220; custom_margin_last_edited=&#8220;on|phone&#8220; global_colors_info=&#8220;{}&#8220;]<\/p>\n<h2>Produkte am Puls der Zeit<\/h2>\n<p>Der Einsatz der Gewebe ist vielf\u00e4ltig \u2013 branchen\u00fcbergreifend und weltweit werden die Erzeugnisse der Weberei Schwaibold gebraucht.<br \/>Die Frittlinger weben u.a. Moltongewebe, Dekogewebe, Gewebe f\u00fcr Keilriemen, Hagelschutznetze, Berufsbekleidung, Heimtextilien, Markisen, Marktschirme, Insektenschutz und viel mehr. Stark vertreten sind sie in der Herstellung von KbA (kontrolliert biologisch angebaute Baumwolle).<br \/>Die Produkte werden bei unterschiedlichsten Anwendungen eingesetzt, z.B. in der Chemie (Oberfl\u00e4chenbearbeitung), Landwirtschaft, Industrie (z.B. im Fahrzeugbau, Filtersysteme), im Handwerk und bei Sport (z.B. als Segelt\u00fccher, Planen und Zelte).\u00a0Die Gewebe werden auch \u00a0in der Medizin verwendet.<\/p>\n<p>&nbsp;<\/p>\n<h3><strong>Produkt\u00fcbersicht:<\/strong><\/h3>\n<p>&nbsp;<\/p>\n<p>[\/et_pb_text][et_pb_accordion _builder_version=&#8220;4.17.6&#8243; _module_preset=&#8220;default&#8220; global_colors_info=&#8220;{}&#8220;][et_pb_accordion_item title=&#8220;Moltongewebe&#8220; _builder_version=&#8220;4.17.6&#8243; _module_preset=&#8220;default&#8220; global_colors_info=&#8220;{}&#8220; open=&#8220;on&#8220;][\/et_pb_accordion_item][et_pb_accordion_item title=&#8220;Dekogewebe&#8220; _builder_version=&#8220;4.17.6&#8243; _module_preset=&#8220;default&#8220; global_colors_info=&#8220;{}&#8220; open=&#8220;off&#8220;][\/et_pb_accordion_item][et_pb_accordion_item title=&#8220;Gewebe f\u00fcr Keilriemen&#8220; open=&#8220;off&#8220; _builder_version=&#8220;4.17.6&#8243; _module_preset=&#8220;default&#8220; global_colors_info=&#8220;{}&#8220;][\/et_pb_accordion_item][et_pb_accordion_item title=&#8220;Hagelschutznetze&#8220; _builder_version=&#8220;4.17.6&#8243; _module_preset=&#8220;default&#8220; global_colors_info=&#8220;{}&#8220; open=&#8220;off&#8220;][\/et_pb_accordion_item][et_pb_accordion_item title=&#8220;Markisen &#038; Insektenschutz&#8220; _builder_version=&#8220;4.17.6&#8243; _module_preset=&#8220;default&#8220; global_colors_info=&#8220;{}&#8220; open=&#8220;off&#8220;][\/et_pb_accordion_item][et_pb_accordion_item title=&#8220;Segelt\u00fccher, Planen und Zelte&#8220; _builder_version=&#8220;4.17.6&#8243; _module_preset=&#8220;default&#8220; global_colors_info=&#8220;{}&#8220; open=&#8220;off&#8220;][\/et_pb_accordion_item][et_pb_accordion_item title=&#8220;Fahrzeugbau und Filtersysteme&#8220; _builder_version=&#8220;4.17.6&#8243; _module_preset=&#8220;default&#8220; global_colors_info=&#8220;{}&#8220; open=&#8220;off&#8220;][\/et_pb_accordion_item][\/et_pb_accordion][\/et_pb_column][et_pb_column type=&#8220;1_2&#8243; _builder_version=&#8220;4.16&#8243; _module_preset=&#8220;default&#8220; custom_padding=&#8220;|||&#8220; global_colors_info=&#8220;{}&#8220; custom_padding__hover=&#8220;|||&#8220;][et_pb_image src=&#8220;https:\/\/weberei-schwaibold.de\/wp-content\/uploads\/2022\/07\/index_bg.jpg&#8220; title_text=&#8220;index_bg&#8220; align_tablet=&#8220;center&#8220; align_phone=&#8220;center&#8220; align_last_edited=&#8220;on|desktop&#8220; admin_label=&#8220;Intro Image&#8220; _builder_version=&#8220;4.17.4&#8243; _module_preset=&#8220;default&#8220; global_colors_info=&#8220;{}&#8220;][\/et_pb_image][et_pb_image src=&#8220;https:\/\/weberei-schwaibold.de\/wp-content\/uploads\/2022\/07\/8.jpg&#8220; title_text=&#8220;8&#8243; _builder_version=&#8220;4.17.4&#8243; _module_preset=&#8220;default&#8220; global_colors_info=&#8220;{}&#8220;][\/et_pb_image][et_pb_image src=&#8220;https:\/\/weberei-schwaibold.de\/wp-content\/uploads\/2022\/07\/anfahrt.jpg.pagespeed.ce_.blRXfYBPgI.jpg&#8220; title_text=&#8220;anfahrt.jpg.pagespeed.ce.blRXfYBPgI&#8220; _builder_version=&#8220;4.17.4&#8243; _module_preset=&#8220;default&#8220; global_colors_info=&#8220;{}&#8220;][\/et_pb_image][\/et_pb_column][\/et_pb_row][et_pb_row column_structure=&#8220;1_3,1_3,1_3&#8243; _builder_version=&#8220;4.17.4&#8243; _module_preset=&#8220;default&#8220; custom_padding=&#8220;69px|||||&#8220; global_colors_info=&#8220;{}&#8220;][et_pb_column type=&#8220;1_3&#8243; _builder_version=&#8220;4.17.4&#8243; _module_preset=&#8220;default&#8220; global_colors_info=&#8220;{}&#8220;][et_pb_circle_counter title=&#8220;Garne und Monofile in den Breiten 40 &#8211; 530 cm&#8220; number=&#8220;530 &#8220; percent_sign=&#8220;off&#8220; bar_bg_color=&#8220;#000000&#8243; _builder_version=&#8220;4.17.4&#8243; _module_preset=&#8220;default&#8220; title_font=&#8220;|700|||||||&#8220; title_line_height=&#8220;1.3em&#8220; number_font=&#8220;|700|||||||&#8220; number_text_color=&#8220;#E02B20&#8243; global_colors_info=&#8220;{}&#8220;][\/et_pb_circle_counter][\/et_pb_column][et_pb_column type=&#8220;1_3&#8243; _builder_version=&#8220;4.17.4&#8243; _module_preset=&#8220;default&#8220; global_colors_info=&#8220;{}&#8220;][et_pb_circle_counter title=&#8220;Schussdichten je nach Artikel zwischen zwei und 35 pro Zentimeter&#8220; number=&#8220;35&#8243; percent_sign=&#8220;off&#8220; bar_bg_color=&#8220;#000000&#8243; _builder_version=&#8220;4.17.4&#8243; _module_preset=&#8220;default&#8220; title_font=&#8220;|700|||||||&#8220; title_line_height=&#8220;1.3em&#8220; number_font=&#8220;|700|||||||&#8220; number_text_color=&#8220;#E02B20&#8243; global_colors_info=&#8220;{}&#8220;][\/et_pb_circle_counter][\/et_pb_column][et_pb_column type=&#8220;1_3&#8243; _builder_version=&#8220;4.17.4&#8243; _module_preset=&#8220;default&#8220; global_colors_info=&#8220;{}&#8220;][et_pb_circle_counter title=&#8220;Mitarbeiter \u2013 ein famili\u00e4res Team in vierter Generation!&#8220; number=&#8220;5&#8243; percent_sign=&#8220;off&#8220; bar_bg_color=&#8220;#000000&#8243; _builder_version=&#8220;4.17.4&#8243; _module_preset=&#8220;default&#8220; title_font=&#8220;|700|||||||&#8220; title_line_height=&#8220;1.3em&#8220; number_font=&#8220;|700|||||||&#8220; number_text_color=&#8220;#E02B20&#8243; global_colors_info=&#8220;{}&#8220;][\/et_pb_circle_counter][\/et_pb_column][\/et_pb_row][\/et_pb_section][et_pb_section fb_built=&#8220;1&#8243; _builder_version=&#8220;4.17.4&#8243; _module_preset=&#8220;default&#8220; background_image=&#8220;https:\/\/weberei-schwaibold.de\/wp-content\/uploads\/2022\/07\/index_bg.jpg&#8220; parallax=&#8220;on&#8220; custom_padding=&#8220;20%|0px|20%|0px&#8220; global_colors_info=&#8220;{}&#8220;][et_pb_row _builder_version=&#8220;4.16&#8243; _module_preset=&#8220;default&#8220; background_color=&#8220;rgba(255,255,255,0.86)&#8220; custom_padding=&#8220;80px|40px|80px|40px&#8220; animation_style=&#8220;zoom&#8220; animation_intensity_zoom=&#8220;10%&#8220; global_colors_info=&#8220;{}&#8220;][et_pb_column type=&#8220;4_4&#8243; _builder_version=&#8220;4.16&#8243; _module_preset=&#8220;default&#8220; custom_padding=&#8220;|||&#8220; global_colors_info=&#8220;{}&#8220; custom_padding__hover=&#8220;|||&#8220;][et_pb_cta title=&#8220;Made in Germany.&#8220; button_url=&#8220;#top&#8220; admin_label=&#8220;Tittle, Paragraph &#038; Call To Action&#8220; _builder_version=&#8220;4.17.4&#8243; _module_preset=&#8220;default&#8220; header_font=&#8220;Oswald|||on|||||&#8220; header_font_size=&#8220;45px&#8220; header_letter_spacing=&#8220;3px&#8220; header_line_height=&#8220;1.4em&#8220; body_font=&#8220;Open Sans|600|||||||&#8220; body_font_size=&#8220;16px&#8220; body_line_height=&#8220;1.8em&#8220; use_background_color=&#8220;off&#8220; custom_button=&#8220;on&#8220; button_text_size=&#8220;14px&#8220; button_text_color=&#8220;#ffffff&#8220; button_bg_color=&#8220;#000000&#8243; button_border_width=&#8220;10px&#8220; button_border_color=&#8220;rgba(0,0,0,0)&#8220; button_border_radius=&#8220;30px&#8220; button_letter_spacing=&#8220;2px&#8220; button_font=&#8220;Open Sans|700||on|||||&#8220; button_use_icon=&#8220;off&#8220; background_layout=&#8220;light&#8220; max_width=&#8220;600px&#8220; module_alignment=&#8220;center&#8220; custom_margin=&#8220;50px|||&#8220; custom_margin_tablet=&#8220;0px|||&#8220; custom_margin_phone=&#8220;&#8220; custom_margin_last_edited=&#8220;on|tablet&#8220; button_text_color_hover=&#8220;#ffffff&#8220; button_border_color_hover=&#8220;rgba(0,0,0,0)&#8220; button_border_radius_hover=&#8220;28px&#8220; button_letter_spacing_hover=&#8220;2px&#8220; button_bg_color_hover=&#8220;rgba(0,0,0,0.7)&#8220; locked=&#8220;off&#8220; global_colors_info=&#8220;{}&#8220; button_text_size__hover_enabled=&#8220;off&#8220; button_one_text_size__hover_enabled=&#8220;off&#8220; button_two_text_size__hover_enabled=&#8220;off&#8220; button_text_color__hover_enabled=&#8220;on&#8220; button_text_color__hover=&#8220;#ffffff&#8220; button_one_text_color__hover_enabled=&#8220;off&#8220; button_two_text_color__hover_enabled=&#8220;off&#8220; button_border_width__hover_enabled=&#8220;off&#8220; button_one_border_width__hover_enabled=&#8220;off&#8220; button_two_border_width__hover_enabled=&#8220;off&#8220; button_border_color__hover_enabled=&#8220;on&#8220; button_border_color__hover=&#8220;rgba(0,0,0,0)&#8220; button_one_border_color__hover_enabled=&#8220;off&#8220; button_two_border_color__hover_enabled=&#8220;off&#8220; button_border_radius__hover_enabled=&#8220;on&#8220; button_border_radius__hover=&#8220;28px&#8220; button_one_border_radius__hover_enabled=&#8220;off&#8220; button_two_border_radius__hover_enabled=&#8220;off&#8220; button_letter_spacing__hover_enabled=&#8220;on&#8220; button_letter_spacing__hover=&#8220;2px&#8220; button_one_letter_spacing__hover_enabled=&#8220;off&#8220; button_two_letter_spacing__hover_enabled=&#8220;off&#8220; button_bg_color__hover_enabled=&#8220;on&#8220; button_bg_color__hover=&#8220;rgba(0,0,0,0.7)&#8220; button_one_bg_color__hover_enabled=&#8220;off&#8220; button_two_bg_color__hover_enabled=&#8220;off&#8220;]<\/p>\n<p>&#8222;Als Zulieferer f\u00fcr namhafte Chemie- und Industrieunternehmen bietet die Weberei ein hohes Ma\u00df an Qualit\u00e4t und Produktionssicherheit am deutschen Standort.&#8220;<\/p>\n<p>&nbsp;<\/p>\n<p>UWE SCHWAIBOLD \u2013 Gesch\u00e4ftsf\u00fchrer<\/p>\n<p>[\/et_pb_cta][\/et_pb_column][\/et_pb_row][\/et_pb_section]<\/p>\n","protected":false},"excerpt":{"rendered":"<p>Produkte am Puls der Zeit Der Einsatz der Gewebe ist vielf\u00e4ltig \u2013 branchen\u00fcbergreifend und weltweit werden die Erzeugnisse der Weberei Schwaibold gebraucht.Die Frittlinger weben u.a. Moltongewebe, Dekogewebe, Gewebe f\u00fcr Keilriemen, Hagelschutznetze, Berufsbekleidung, Heimtextilien, Markisen, Marktschirme, Insektenschutz und viel mehr. Stark vertreten sind sie in der Herstellung von KbA (kontrolliert biologisch angebaute Baumwolle).Die Produkte werden bei [&hellip;]<\/p>\n","protected":false},"author":4,"featured_media":0,"parent":0,"menu_order":0,"comment_status":"closed","ping_status":"closed","template":"","meta":{"_et_pb_use_builder":"on","_et_pb_old_content":"<!-- wp:divi\/placeholder \/-->","_et_gb_content_width":"","footnotes":""},"class_list":["post-63","page","type-page","status-publish","hentry"],"_links":{"self":[{"href":"https:\/\/weberei-schwaibold.de\/index.php\/wp-json\/wp\/v2\/pages\/63","targetHints":{"allow":["GET"]}}],"collection":[{"href":"https:\/\/weberei-schwaibold.de\/index.php\/wp-json\/wp\/v2\/pages"}],"about":[{"href":"https:\/\/weberei-schwaibold.de\/index.php\/wp-json\/wp\/v2\/types\/page"}],"author":[{"embeddable":true,"href":"https:\/\/weberei-schwaibold.de\/index.php\/wp-json\/wp\/v2\/users\/4"}],"replies":[{"embeddable":true,"href":"https:\/\/weberei-schwaibold.de\/index.php\/wp-json\/wp\/v2\/comments?post=63"}],"version-history":[{"count":21,"href":"https:\/\/weberei-schwaibold.de\/index.php\/wp-json\/wp\/v2\/pages\/63\/revisions"}],"predecessor-version":[{"id":215,"href":"https:\/\/weberei-schwaibold.de\/index.php\/wp-json\/wp\/v2\/pages\/63\/revisions\/215"}],"wp:attachment":[{"href":"https:\/\/weberei-schwaibold.de\/index.php\/wp-json\/wp\/v2\/media?parent=63"}],"curies":[{"name":"wp","href":"https:\/\/api.w.org\/{rel}","templated":true}]}}